{"id":145,"date":"2025-03-01T19:55:01","date_gmt":"2025-03-01T19:55:01","guid":{"rendered":"https:\/\/chiaiadentalclinic.it\/?page_id=145"},"modified":"2025-03-02T08:00:01","modified_gmt":"2025-03-02T08:00:01","slug":"chiaia-dental-clinic","status":"publish","type":"page","link":"https:\/\/chiaiadentalclinic.it\/?page_id=145","title":{"rendered":"Chiaia Dental Clinic"},"content":{"rendered":"\n<p><strong>Come nasce l\u2019idea?<\/strong><\/p>\n\n\n\n<p>Nasce dai miei viaggi nelle cliniche all\u2019estero, da cui ovviamente ho preso spunto quando ci ho lavorato e studiato.<br>Le pi\u00f9 importanti strutture che ho visto si avvalevano sempre di pi\u00f9 specialisti, e quindi di pi\u00f9 possibilit\u00e0 terapeutiche.<\/p>\n\n\n\n<p>Sicuramente l\u2019aspetto di una clinica che si avvale di professionisti in tutti i campi che riguardano la bocca non \u00e8 una cosa comune in italia.<br>Avvalersi contemporaneamente di chirurghi estetici ed orali , posturologi, dermatologi, anestesisti, protesisti, etc., non solo riduce il rischio di insuccessi perch\u00e9 c\u2019\u00e8 sempre un maggior controllo dai vari punti di vista sulla terapia,<br>ma aiuta anche i pazienti a trovare la strada per loro pi\u00f9 percorribile.<br>La voglia di investire in questa citt\u00e0 mi ha dato la forza e la speranza di portare un nuovo genere di \u201codontoiatria\u201d che io chiamo \u201cmoderna\u201d.<\/p>\n\n\n\n<p><strong>In cosa si differenzia chiaia dental clinic dalle altre strutture?<\/strong><\/p>\n\n\n\n<p>Immagino, ad esempio, a come affrontiamo le esigenze estetiche a cui dobbiamo sempre pi\u00f9 rispondere con una preparazione a 360\u00b0,<br>motivo per cui un dentista non pu\u00f2 prescindere dalla medicina estetica, dalle metodiche nuove di protesi dentarie o dalla nuova chirurgia implantare.<br>Ma immagino anche che bisogna rispondere alle difficolt\u00e0 che la crisi di questi anni comporta per le famiglie, per cui uno studio moderno deve affrontare terapie difficili, coniugando qualit\u00e0 e prezzo.<br>Noi, con investimenti mirati ed importanti&nbsp; in nuove tecnologie, che in questo campo alcuni faticano a comprendere o sfruttare, possiamo garantire un alta qualit\u00e0 anche a costi ridotti.<br>La scelta della <a href=\"http:\/\/web.archive.org\/web\/20240914172514\/http:\/\/www.chiaiadentalclinic.it\/radiologia\/\">radiografia digitale<\/a> rientra in questo quadro.<br>infatti proporre ai pazienti un altra struttura per indagini radiografiche \u00e8 dispendiosa e stancante, noi possiamo abbreviare i tempi con un risparmio dei costi avendo radiografici digitali all\u2019interno della nostra struttura, il tutto in un ottica <a href=\"http:\/\/web.archive.org\/web\/20240914172514\/http:\/\/www.chiaiadentalclinic.it\/ecologia\/\">ecologica<\/a>.<\/p>\n\n\n\n<p><strong>Perch\u00e8 non il classico studio dentistico?<\/strong><\/p>\n\n\n\n<p>Perch\u00e9 di certo a Napoli non mancano gli studi dentistici ordinari.<br>la chiaia dental clinic non la ritengo paragonabile, ma pi\u00f9 che altro assimilabile ad una clinica del benessere attraverso il sorriso.<br>Non credo esista, forse per deformazione professionale, una estetica del volto che prescinda dalla bocca, dal sorriso e quindi dalle sue espressioni.<br>inoltre credo, e gli studi lo dimostrano, che la salute della bocca e del corpo sono correlati.<br>quindi la mia iniziativa di collaborare con esperti in posturologia e <a href=\"http:\/\/web.archive.org\/web\/20240914172514\/http:\/\/www.chiaiadentalclinic.it\/yoga\/\">yoga<\/a>, medici estetici e di <a href=\"http:\/\/web.archive.org\/web\/20240914172514\/http:\/\/www.chiaiadentalclinic.it\/medicina-orale\/\">patologie orali<\/a>, rientra in questa nuova concezione di odontoiatria.<\/p>\n\n\n\n<p><strong>Quali trattamenti offrite?<\/strong><\/p>\n\n\n\n<p>In verit\u00e0 sono molti.<br>Oltre i comuni <a href=\"http:\/\/web.archive.org\/web\/20240914172514\/http:\/\/www.chiaiadentalclinic.it\/lodontoiatria\/\">trattamenti odontoiatrici<\/a>, qualsiasi terapia pu\u00f2 essere applicata con comfort estetici che soddisfano le esigenze dei pazienti.<br>per esempio agli adulti non si possono proporre terapie ortodontiche classiche, con visibili attacchi metallici, ma si pu\u00f2 ovviare con una <a href=\"http:\/\/web.archive.org\/web\/20240914172514\/http:\/\/www.chiaiadentalclinic.it\/ortodonzia-linguale-invisibile\/\">tecnica linguale (invisibile) <\/a>che non compromette la vita sociale della persona ma che ci permette lo stesso risultato.<br>Il chirurgo estetico fornisce le terapie per gli inestetismi delle labbra e del viso.<br>La <a href=\"http:\/\/web.archive.org\/web\/20240914172514\/http:\/\/www.chiaiadentalclinic.it\/posturologia\/\">posturologa<\/a> collabora ad alleviare i fastidi alla schiena che possono derivare da una malocclusione.<br>Lo <a href=\"http:\/\/web.archive.org\/web\/20240914172514\/http:\/\/www.chiaiadentalclinic.it\/sbiancamenti-personalizzati-con-lampada-led\/\">sbiancamento a led<\/a> con i nostri prodotti consente ottimi risultati in una sola seduta.<br>Ma anche trattamenti implantari complessi con protesi immediate possono incidere molto sul comfort dei pazienti.<\/p>\n\n\n\n<p><strong>Dal puro trattamento medico al benessere \u201cdel sorriso\u201d, come?<\/strong><\/p>\n\n\n\n<p>Se si pensa alla difficolt\u00e0 di molte persone nella relazioni sociali a causa di un problema dentario che altera il sorriso e quindi lo impedisce, la risposta \u00e8 semplice.<br>Ma anche l\u2019idea di risolvere un problema con il massimo del comfort aiuta nell\u2019accettare le terapie che fino ad ora si rimandavano perch\u00e9 impedivano di andare a lavoro o a scuola per qualche giorno, per esempio.<br>Inoltre, pensare che in unica struttura si pu\u00f2, magari in un pomeriggio, controllarsi con una ortopantomografia, sbiancare i denti, curare le rughe del viso e concedersi un massaggio posturale\u2026 Credo che questo sia benessere.<\/p>\n\n\n\n<p><strong>Molti hanno ancora paura del dentista. Come affrontate il problema?<\/strong><\/p>\n\n\n\n<p>In modo semplice e scientifico.<br>Abbiamo una tecnica di <a href=\"http:\/\/web.archive.org\/web\/20240914172514\/http:\/\/www.chiaiadentalclinic.it\/sedazione-coscente\/\">sedazione cosciente (protossido di azoto)<\/a>, usata da anni in America ed anche in alcuni stati europei.<br>Non ha limiti di et\u00e0 , quindi sia i bambini che gli adulti possono, in 40 secondi, rilassarsi e farsi qualsiasi terapia.<br>Chiaramente con nessuna controindicazione.<\/p>\n\n\n\n<p><strong>Perch\u00e9, allora, non \u00e8 comune usare come sedazione&nbsp; il protossido?<\/strong><\/p>\n\n\n\n<p>Qui entriamo in un discorso sulla terapia del dolore che ha dei problemi culturali in Italia.<br>Pensi ai farmaci antidolorifici per pazienti con gravissimi problemi di salute.<br>Nel nostro paese ancora si \u00e8 restii ad usare delle soluzioni avanzate e studiate che si somministrano in paesi come America o Svizzera.<br>E non perch\u00e9 vi siano pareri contrari sulle terapie antidolorifiche. Ma solo per preconcetti culturali del nostro troppo poco laico stato.<br>Dir\u00f2 di pi\u00f9, di questo ne parleremo in un congresso aperto che faremo nella nostra Clinica.<\/p>\n","protected":false},"excerpt":{"rendered":"<p>Come nasce l\u2019idea? Nasce dai miei viaggi nelle cliniche all\u2019estero, da cui ovviamente ho preso spunto quando ci ho lavorato e studiato.Le pi\u00f9 importanti strutture che ho visto si avvalevano sempre di pi\u00f9 specialisti, e quindi di pi\u00f9 possibilit\u00e0 terapeutiche. Sicuramente l\u2019aspetto di una clinica che si avvale di professionisti in tutti i campi che [&hellip;]<\/p>\n","protected":false},"author":1,"featured_media":237,"parent":0,"menu_order":0,"comment_status":"closed","ping_status":"closed","template":"","meta":{"_acf_changed":false,"footnotes":""},"class_list":["post-145","page","type-page","status-publish","has-post-thumbnail","hentry"],"acf":[],"_links":{"self":[{"href":"https:\/\/chiaiadentalclinic.it\/index.php?rest_route=\/wp\/v2\/pages\/145","targetHints":{"allow":["GET"]}}],"collection":[{"href":"https:\/\/chiaiadentalclinic.it\/index.php?rest_route=\/wp\/v2\/pages"}],"about":[{"href":"https:\/\/chiaiadentalclinic.it\/index.php?rest_route=\/wp\/v2\/types\/page"}],"author":[{"embeddable":true,"href":"https:\/\/chiaiadentalclinic.it\/index.php?rest_route=\/wp\/v2\/users\/1"}],"replies":[{"embeddable":true,"href":"https:\/\/chiaiadentalclinic.it\/index.php?rest_route=%2Fwp%2Fv2%2Fcomments&post=145"}],"version-history":[{"count":1,"href":"https:\/\/chiaiadentalclinic.it\/index.php?rest_route=\/wp\/v2\/pages\/145\/revisions"}],"predecessor-version":[{"id":146,"href":"https:\/\/chiaiadentalclinic.it\/index.php?rest_route=\/wp\/v2\/pages\/145\/revisions\/146"}],"wp:featuredmedia":[{"embeddable":true,"href":"https:\/\/chiaiadentalclinic.it\/index.php?rest_route=\/wp\/v2\/media\/237"}],"wp:attachment":[{"href":"https:\/\/chiaiadentalclinic.it\/index.php?rest_route=%2Fwp%2Fv2%2Fmedia&parent=145"}],"curies":[{"name":"wp","href":"https:\/\/api.w.org\/{rel}","templated":true}]}}